{"id":232596,"date":"2026-02-02T10:34:46","date_gmt":"2026-02-02T15:34:46","guid":{"rendered":"https:\/\/fermeauxcolibris.com\/?post_type=product&#038;p=232596"},"modified":"2026-04-27T14:03:40","modified_gmt":"2026-04-27T18:03:40","slug":"roquette-biologique","status":"publish","type":"product","link":"https:\/\/fermeauxcolibris.com\/en\/product\/roquette-biologique\/","title":{"rendered":"Roquette biologique"},"content":{"rendered":"<p>B\u00e9b\u00e9 roquette fraiche biologique. Notre roquette est parfaite pour les gens qui s&rsquo;initient \u00e0 la roquette, puisqu&rsquo;elle n&rsquo;est pas trop piquante. Nous l&rsquo;adorons en salade avec parmesan et citron, avec de la pizza ou bien m\u00e9lang\u00e9 aux p\u00e2tes. Un must dans notre cuisine 150g.<\/p>","protected":false},"excerpt":{"rendered":"<p>Roquette fraiche biologique<\/p>","protected":false},"featured_media":224924,"comment_status":"open","ping_status":"closed","template":"","meta":{"_et_pb_use_builder":"","_et_pb_old_content":"","_et_gb_content_width":""},"product_brand":[],"product_cat":[],"product_tag":[],"class_list":{"0":"post-232596","1":"product","2":"type-product","3":"status-publish","4":"has-post-thumbnail","7":"first","8":"instock","9":"shipping-taxable","10":"purchasable","11":"product-type-variable"},"_links":{"self":[{"href":"https:\/\/fermeauxcolibris.com\/en\/wp-json\/wp\/v2\/product\/232596","targetHints":{"allow":["GET"]}}],"collection":[{"href":"https:\/\/fermeauxcolibris.com\/en\/wp-json\/wp\/v2\/product"}],"about":[{"href":"https:\/\/fermeauxcolibris.com\/en\/wp-json\/wp\/v2\/types\/product"}],"replies":[{"embeddable":true,"href":"https:\/\/fermeauxcolibris.com\/en\/wp-json\/wp\/v2\/comments?post=232596"}],"wp:featuredmedia":[{"embeddable":true,"href":"https:\/\/fermeauxcolibris.com\/en\/wp-json\/wp\/v2\/media\/224924"}],"wp:attachment":[{"href":"https:\/\/fermeauxcolibris.com\/en\/wp-json\/wp\/v2\/media?parent=232596"}],"wp:term":[{"taxonomy":"product_brand","embeddable":true,"href":"https:\/\/fermeauxcolibris.com\/en\/wp-json\/wp\/v2\/product_brand?post=232596"},{"taxonomy":"product_cat","embeddable":true,"href":"https:\/\/fermeauxcolibris.com\/en\/wp-json\/wp\/v2\/product_cat?post=232596"},{"taxonomy":"product_tag","embeddable":true,"href":"https:\/\/fermeauxcolibris.com\/en\/wp-json\/wp\/v2\/product_tag?post=232596"}],"curies":[{"name":"wp","href":"https:\/\/api.w.org\/{rel}","templated":true}]}}