{"id":232583,"date":"2026-02-02T10:25:36","date_gmt":"2026-02-02T15:25:36","guid":{"rendered":"https:\/\/fermeauxcolibris.com\/?post_type=product&#038;p=232583"},"modified":"2026-04-30T10:31:48","modified_gmt":"2026-04-30T14:31:48","slug":"radis-daikon-mauve-biologique","status":"publish","type":"product","link":"https:\/\/fermeauxcolibris.com\/en\/product\/radis-daikon-mauve-biologique\/","title":{"rendered":"Radis Daikon mauve biologique"},"content":{"rendered":"<p>Ces daikons mauves sont d\u00e9licieux en salade fraiches, r\u00f4tis ou ajout\u00e9s au saut\u00e9 pour de la couleur dans vos repas d&rsquo;hiver. Ils se conservent \u00e0 merveilles jusqu&rsquo;au mois les plus froids<\/p>","protected":false},"excerpt":{"rendered":"<p>Ces petits daikons mauves sont d\u00e9licieux en salade fraiches, r\u00f4tis ou ajout\u00e9s au saut\u00e9 pour de la couleur dans vos repas d&rsquo;hiver. Ils se conservent \u00e0 merveilles jusqu&rsquo;au mois les plus froids<\/p>","protected":false},"featured_media":224198,"comment_status":"open","ping_status":"closed","template":"","meta":{"_et_pb_use_builder":"","_et_pb_old_content":"","_et_gb_content_width":""},"product_brand":[],"product_cat":[],"product_tag":[],"class_list":{"0":"post-232583","1":"product","2":"type-product","3":"status-publish","4":"has-post-thumbnail","7":"first","8":"instock","9":"shipping-taxable","10":"purchasable","11":"product-type-variable"},"_links":{"self":[{"href":"https:\/\/fermeauxcolibris.com\/en\/wp-json\/wp\/v2\/product\/232583","targetHints":{"allow":["GET"]}}],"collection":[{"href":"https:\/\/fermeauxcolibris.com\/en\/wp-json\/wp\/v2\/product"}],"about":[{"href":"https:\/\/fermeauxcolibris.com\/en\/wp-json\/wp\/v2\/types\/product"}],"replies":[{"embeddable":true,"href":"https:\/\/fermeauxcolibris.com\/en\/wp-json\/wp\/v2\/comments?post=232583"}],"wp:featuredmedia":[{"embeddable":true,"href":"https:\/\/fermeauxcolibris.com\/en\/wp-json\/wp\/v2\/media\/224198"}],"wp:attachment":[{"href":"https:\/\/fermeauxcolibris.com\/en\/wp-json\/wp\/v2\/media?parent=232583"}],"wp:term":[{"taxonomy":"product_brand","embeddable":true,"href":"https:\/\/fermeauxcolibris.com\/en\/wp-json\/wp\/v2\/product_brand?post=232583"},{"taxonomy":"product_cat","embeddable":true,"href":"https:\/\/fermeauxcolibris.com\/en\/wp-json\/wp\/v2\/product_cat?post=232583"},{"taxonomy":"product_tag","embeddable":true,"href":"https:\/\/fermeauxcolibris.com\/en\/wp-json\/wp\/v2\/product_tag?post=232583"}],"curies":[{"name":"wp","href":"https:\/\/api.w.org\/{rel}","templated":true}]}}