{"id":232521,"date":"2026-01-29T15:53:10","date_gmt":"2026-01-29T20:53:10","guid":{"rendered":"https:\/\/fermeauxcolibris.com\/?post_type=product&#038;p=232521"},"modified":"2026-04-30T10:31:47","modified_gmt":"2026-04-30T14:31:47","slug":"mesclun-rehausse-biologique-copie","status":"publish","type":"product","link":"https:\/\/fermeauxcolibris.com\/en\/product\/mesclun-rehausse-biologique-copie\/","title":{"rendered":"Mesclun Rehauss\u00e9 biologique"},"content":{"rendered":"<p>Un m\u00e9lange de mesclun parfait pour des salades go\u00fbteuses ou \u00e0 ajouter aux saut\u00e9s de l\u00e9gumes! Fait \u00e0 base d&rsquo;un m\u00e9lange de roquette, tatsoi, kale, moutarde, mizuna et cresson. Anciennement appel\u00e9 mesclun de crucif\u00e8res, nous l&rsquo;avons rebaptis\u00e9. Un pr\u00e9f\u00e9r\u00e9 \u00e0 la ferme. 150g<\/p>","protected":false},"excerpt":{"rendered":"<p>Anciennement Mesclun de crucif\u00e8res. Nouvelle saison, nouveau nom!<\/p>\n<p>Un m\u00e9lange de mesclun parfait pour des salades go\u00fbteuses ou \u00e0 ajouter aux saut\u00e9s de l\u00e9gumes! Un pr\u00e9f\u00e9r\u00e9 \u00e0 la ferme.<\/p>","protected":false},"featured_media":224820,"comment_status":"open","ping_status":"closed","template":"","meta":{"_et_pb_use_builder":"","_et_pb_old_content":"","_et_gb_content_width":""},"product_brand":[],"product_cat":[],"product_tag":[],"class_list":{"0":"post-232521","1":"product","2":"type-product","3":"status-publish","4":"has-post-thumbnail","7":"first","8":"instock","9":"shipping-taxable","10":"purchasable","11":"product-type-variable"},"_links":{"self":[{"href":"https:\/\/fermeauxcolibris.com\/en\/wp-json\/wp\/v2\/product\/232521","targetHints":{"allow":["GET"]}}],"collection":[{"href":"https:\/\/fermeauxcolibris.com\/en\/wp-json\/wp\/v2\/product"}],"about":[{"href":"https:\/\/fermeauxcolibris.com\/en\/wp-json\/wp\/v2\/types\/product"}],"replies":[{"embeddable":true,"href":"https:\/\/fermeauxcolibris.com\/en\/wp-json\/wp\/v2\/comments?post=232521"}],"wp:featuredmedia":[{"embeddable":true,"href":"https:\/\/fermeauxcolibris.com\/en\/wp-json\/wp\/v2\/media\/224820"}],"wp:attachment":[{"href":"https:\/\/fermeauxcolibris.com\/en\/wp-json\/wp\/v2\/media?parent=232521"}],"wp:term":[{"taxonomy":"product_brand","embeddable":true,"href":"https:\/\/fermeauxcolibris.com\/en\/wp-json\/wp\/v2\/product_brand?post=232521"},{"taxonomy":"product_cat","embeddable":true,"href":"https:\/\/fermeauxcolibris.com\/en\/wp-json\/wp\/v2\/product_cat?post=232521"},{"taxonomy":"product_tag","embeddable":true,"href":"https:\/\/fermeauxcolibris.com\/en\/wp-json\/wp\/v2\/product_tag?post=232521"}],"curies":[{"name":"wp","href":"https:\/\/api.w.org\/{rel}","templated":true}]}}