{"id":230383,"date":"2025-09-17T11:05:52","date_gmt":"2025-09-17T15:05:52","guid":{"rendered":"https:\/\/fermeauxcolibris.com\/?post_type=product&#038;p=230383"},"modified":"2026-04-13T07:55:01","modified_gmt":"2026-04-13T11:55:01","slug":"abonnement-panier-bio","status":"publish","type":"product","link":"https:\/\/fermeauxcolibris.com\/en\/product\/abonnement-panier-bio\/","title":{"rendered":"Organic Basket Subscription"},"content":{"rendered":"<p>[et_pb_section fb_built=\u00a0\u00bb1&Prime; _builder_version=\u00a0\u00bb4.16&Prime; custom_padding=\u00a0\u00bb0px||||false|false\u00a0\u00bb global_colors_info=\u00a0\u00bb{}\u00a0\u00bb][et_pb_row _builder_version=\u00a0\u00bb4.16&Prime; background_size=\u00a0\u00bbinitial\u00a0\u00bb background_position=\u00a0\u00bbtop_left\u00a0\u00bb background_repeat=\u00a0\u00bbrepeat\u00a0\u00bb width=\u00a0\u00bb100%\u00a0\u00bb custom_padding=\u00a0\u00bb0px||0px||false|false\u00a0\u00bb global_colors_info=\u00a0\u00bb{}\u00a0\u00bb][et_pb_column type=\u00a0\u00bb4_4&Prime; _builder_version=\u00a0\u00bb4.16&Prime; custom_padding=\u00a0\u00bb|||\u00a0\u00bb global_colors_info=\u00a0\u00bb{}\u00a0\u00bb custom_padding__hover=\u00a0\u00bb|||\u00a0\u00bb][et_pb_wc_breadcrumb _builder_version=\u00a0\u00bb4.16&Prime; global_colors_info=\u00a0\u00bb{}\u00a0\u00bb][\/et_pb_wc_breadcrumb][et_pb_wc_cart_notice _builder_version=\u00a0\u00bb4.16&Prime; global_colors_info=\u00a0\u00bb{}\u00a0\u00bb][\/et_pb_wc_cart_notice][\/et_pb_column][\/et_pb_row][et_pb_row column_structure=\u00a0\u00bb1_2,1_2&Prime; _builder_version=\u00a0\u00bb4.16&Prime; background_size=\u00a0\u00bbinitial\u00a0\u00bb background_position=\u00a0\u00bbtop_left\u00a0\u00bb background_repeat=\u00a0\u00bbrepeat\u00a0\u00bb width=\u00a0\u00bb100%\u00a0\u00bb custom_padding=\u00a0\u00bb0px||||false|false\u00a0\u00bb global_colors_info=\u00a0\u00bb{}\u00a0\u00bb][et_pb_column type=\u00a0\u00bb1_2&Prime; _builder_version=\u00a0\u00bb4.16&Prime; custom_padding=\u00a0\u00bb|||\u00a0\u00bb global_colors_info=\u00a0\u00bb{}\u00a0\u00bb custom_padding__hover=\u00a0\u00bb|||\u00a0\u00bb][et_pb_wc_images _builder_version=\u00a0\u00bb4.16&Prime; global_colors_info=\u00a0\u00bb{}\u00a0\u00bb][\/et_pb_wc_images][\/et_pb_column][et_pb_column type=\u00a0\u00bb1_2&Prime; _builder_version=\u00a0\u00bb4.16&Prime; custom_padding=\u00a0\u00bb|||\u00a0\u00bb global_colors_info=\u00a0\u00bb{}\u00a0\u00bb custom_padding__hover=\u00a0\u00bb|||\u00a0\u00bb][et_pb_wc_title _builder_version=\u00a0\u00bb4.16&Prime; global_colors_info=\u00a0\u00bb{}\u00a0\u00bb][\/et_pb_wc_title][et_pb_wc_rating _builder_version=\u00a0\u00bb4.16&Prime; global_colors_info=\u00a0\u00bb{}\u00a0\u00bb][\/et_pb_wc_rating][et_pb_wc_price _builder_version=\u00a0\u00bb4.16&Prime; global_colors_info=\u00a0\u00bb{}\u00a0\u00bb][\/et_pb_wc_price][et_pb_wc_description _builder_version=\u00a0\u00bb4.16&Prime; global_colors_info=\u00a0\u00bb{}\u00a0\u00bb][\/et_pb_wc_description][et_pb_wc_add_to_cart _builder_version=\u00a0\u00bb4.27.4&Prime; fields_custom_padding=\u00a0\u00bb|150px||44px|false|false\u00a0\u00bb dropdown_menus_focus_background_color=\u00a0\u00bb#FFFFFF\u00a0\u00bb dropdown_menus_custom_margin=\u00a0\u00bb-1px|91px|-3px|-6px|false|false\u00a0\u00bb dropdown_menus_font=\u00a0\u00bb||||||||\u00a0\u00bb dropdown_menus_font_size=\u00a0\u00bb13px\u00a0\u00bb custom_button=\u00a0\u00bbon\u00a0\u00bb button_text_size=\u00a0\u00bb22px\u00a0\u00bb button_text_color=\u00a0\u00bb#000000&Prime; button_bg_color=\u00a0\u00bb#78596d\u00a0\u00bb button_border_width=\u00a0\u00bb4px\u00a0\u00bb button_border_radius=\u00a0\u00bb20px\u00a0\u00bb button_letter_spacing=\u00a0\u00bb0px\u00a0\u00bb button_font=\u00a0\u00bb||on||||||\u00a0\u00bb custom_padding=\u00a0\u00bb||61px||false|false\u00a0\u00bb dropdown_menus_text_shadow_style=\u00a0\u00bbpreset3&Prime; dropdown_menus_text_shadow_horizontal_length=\u00a0\u00bb-0.04em\u00a0\u00bb dropdown_menus_text_shadow_blur_strength=\u00a0\u00bb0em\u00a0\u00bb dropdown_menus_text_shadow_color=\u00a0\u00bb#FFFFFF\u00a0\u00bb border_width_all_fields=\u00a0\u00bb3px\u00a0\u00bb border_width_all_dropdown_menus=\u00a0\u00bb3px\u00a0\u00bb global_colors_info=\u00a0\u00bb{}\u00a0\u00bb][\/et_pb_wc_add_to_cart][et_pb_wc_meta _builder_version=\u00a0\u00bb4.16&Prime; global_colors_info=\u00a0\u00bb{}\u00a0\u00bb][\/et_pb_wc_meta][\/et_pb_column][\/et_pb_row][et_pb_row _builder_version=\u00a0\u00bb4.16&Prime; background_size=\u00a0\u00bbinitial\u00a0\u00bb background_position=\u00a0\u00bbtop_left\u00a0\u00bb background_repeat=\u00a0\u00bbrepeat\u00a0\u00bb width=\u00a0\u00bb100%\u00a0\u00bb global_colors_info=\u00a0\u00bb{}\u00a0\u00bb][et_pb_column type=\u00a0\u00bb4_4&Prime; _builder_version=\u00a0\u00bb4.16&Prime; custom_padding=\u00a0\u00bb|||\u00a0\u00bb global_colors_info=\u00a0\u00bb{}\u00a0\u00bb custom_padding__hover=\u00a0\u00bb|||\u00a0\u00bb][et_pb_wc_tabs admin_label=\u00a0\u00bbWoo Product Tabs\u00a0\u00bb _builder_version=\u00a0\u00bb4.27.4&Prime; global_colors_info=\u00a0\u00bb{}\u00a0\u00bb]\t\t\t\t\t[\/et_pb_wc_tabs][\/et_pb_column][\/et_pb_row][\/et_pb_section]<\/p>\n","protected":false},"excerpt":{"rendered":"<h2 data-start=\"519\" data-end=\"561\">Continuous subscription to organic baskets \ud83c\udf31\u2744\ufe0f<\/h2>\n<p>Panier, factur\u00e9 automatiquement chaque 2 semaines<\/p>\n<p data-start=\"563\" data-end=\"903\">We are simplifying our subscriptions even further to serve you better!<br data-start=\"619\" data-end=\"622\" \/>Now you no longer need to re-register each season: <strong data-start=\"694\" data-end=\"766\">a single subscription continues automatically throughout the year<\/strong>, from summer to winter. This allows you to enjoy fresh, organic vegetables all year round, while supporting the farm in its planning.<\/p>\n<ul>\n<li data-start=\"1620\" data-end=\"1680\">\n<p data-start=\"1622\" data-end=\"1680\"><strong data-start=\"1622\" data-end=\"1631\">Petit<\/strong> : 6 \u00e0 11 items \u2013 parfait pour 1 \u00e0 2 personnes.<\/p>\n<\/li>\n<li data-start=\"1681\" data-end=\"1757\">\n<p data-start=\"1683\" data-end=\"1757\"><strong data-start=\"1683\" data-end=\"1695\">R\u00e9gulier<\/strong> : 10 \u00e0 16 items \u2013 id\u00e9al pour familles ou grands cuisiniers.<\/p>\n<\/li>\n<\/ul>\n<p data-start=\"905\" data-end=\"953\">You always keep the <strong data-start=\"929\" data-end=\"949\">same flexibility<\/strong> :<\/p>\n<ul data-start=\"954\" data-end=\"1153\">\n<li data-start=\"954\" data-end=\"1073\">Suspend your subscription directly on the website (for your vacations or if you do not want vegetables for a season or a few deliveries).<\/li>\n<li data-start=\"1074\" data-end=\"1153\">\n<p data-start=\"1076\" data-end=\"1153\">Cancel your subscription at any time if the plan no longer suits you, with no commitment.<\/p>\n<\/li>\n<\/ul>\n<p>&nbsp;<\/p>","protected":false},"featured_media":226287,"comment_status":"open","ping_status":"closed","template":"","meta":{"_et_pb_use_builder":"on","_et_pb_old_content":"<div class=\"et_pb_with_border et_pb_row et_pb_row_3 et_pb_equal_columns et_pb_gutters2\">\r\n<div class=\"et_pb_column et_pb_column_4_4 et_pb_column_6 et_pb_css_mix_blend_mode_passthrough et-last-child\">\r\n<div class=\"et_pb_module et_pb_text et_pb_text_4 et_pb_text_align_center et_pb_bg_layout_light\">\r\n<div class=\"et_pb_text_inner\">\r\n<div class=\"vk_sh vk_bk\">\r\n<div class=\"aiAXrc\" style=\"text-align: left\">\r\n<h2 style=\"text-align: left\" data-start=\"893\" data-end=\"919\">Comment \u00e7a fonctionne<\/h2>\r\n<p style=\"text-align: left\" data-start=\"922\" data-end=\"1058\"><strong data-start=\"922\" data-end=\"937\">Facturation<\/strong> : le paiement est pr\u00e9lev\u00e9 <strong data-start=\"964\" data-end=\"1005\">le dimanche pr\u00e9c\u00e9dant votre livraison<\/strong>, afin de nous permettre de planifier les r\u00e9coltes.<\/p>\r\n<p style=\"text-align: left\" data-start=\"1061\" data-end=\"1181\"><strong data-start=\"1061\" data-end=\"1087\">Livraison \/ cueillette<\/strong> : selon le point que vous choisissez, vos paniers sont disponibles le mercredi ou le jeudi.<\/p>\r\n<p style=\"text-align: left\" data-start=\"1184\" data-end=\"1349\"><strong data-start=\"1184\" data-end=\"1207\">Pause ou annulation<\/strong> : vous pouvez mettre en pause votre abonnement jusqu\u2019au <strong data-start=\"1264\" data-end=\"1279\">samedi soir<\/strong> pr\u00e9c\u00e9dant la livraison, ou l\u2019annuler \u00e0 tout moment sans engagement.<\/p>\r\n\r\n<h3 style=\"text-align: left\" data-start=\"1160\" data-end=\"1202\">\ud83c\udf1e Saison r\u00e9guli\u00e8re (\u00e9t\u00e9 et automne)<\/h3>\r\n<p style=\"text-align: left\" data-start=\"1205\" data-end=\"1265\"><strong data-start=\"1205\" data-end=\"1216\">Dur\u00e9e :<\/strong> 22 livraisons, de la mi-juin \u00e0 la mi-novembre.<\/p>\r\n<p style=\"text-align: left\"><strong data-start=\"1268\" data-end=\"1281\">Formats :<\/strong><\/p>\r\n<p style=\"text-align: left\"><strong>Petit 25$ \/semaine :<\/strong> 6 \u00e0 9 items (1-2 personnes, cuisine mod\u00e9r\u00e9e).<br data-start=\"446\" data-end=\"449\" \/>\u2192 Exemples : laitue, carottes, concombre, courgette, fines herbes, tomates cerises.<\/p>\r\n<p style=\"text-align: left\"><strong>R\u00e9gulier 40$\/ semaine <\/strong>: 10 \u00e0 14 items (3-4 personnes ou grands cuisiniers).<br data-start=\"619\" data-end=\"622\" \/>\u2192 Exemples : contenu du petit + chou, aubergine, \u00e9pinards, pommes de terre nouvelles.<\/p>\r\n\r\n<h3 style=\"text-align: left\" data-start=\"1442\" data-end=\"1485\">\u2744\ufe0f Saison froide (hiver et printemps)<\/h3>\r\n<p style=\"text-align: left\" data-start=\"1488\" data-end=\"1547\"><strong data-start=\"1488\" data-end=\"1499\">Dur\u00e9e :<\/strong> 13 livraisons, de la mi-novembre \u00e0 la mi-mai.<\/p>\r\n<p data-start=\"1488\" data-end=\"1547\">[button link=\"https:\/\/fermeauxcolibris.com\/wp-content\/uploads\/2025\/11\/Gestion-paniers_-Calendrier-des-livraisons-hiver-1.pdf\" color=\"silver\" newwindow=\"yes\"] <strong>\u00a0Calendrier des jours de livraison<\/strong>[\/button]<\/p>\r\n<p style=\"text-align: left\" data-start=\"1550\" data-end=\"1599\"><strong data-start=\"1550\" data-end=\"1563\">Formats :<\/strong><\/p>\r\n<p style=\"text-align: left\" data-start=\"1550\" data-end=\"1599\"><strong>Petit 40$\/panier :<\/strong> 8 \u00e0 11 items (1-2 personnes, diversit\u00e9 \u00e9quilibr\u00e9e).<br data-start=\"1013\" data-end=\"1016\" \/>\u2192 Exemples : pommes, courge butternut, kale, betteraves, pommes de terre, micropousses, champignons locaux.<\/p>\r\n<p style=\"text-align: left\" data-start=\"1550\" data-end=\"1599\"><strong>R\u00e9gulier 55$\/panier<\/strong>\u00a0 : 12 \u00e0 16 items (3-4 personnes ou cuisiniers assidus).<br data-start=\"1210\" data-end=\"1213\" \/>\u2192 Exemples : contenu du petit + c\u00e9leri-rave, gingembre frais, chou rouge, verdure d\u2019hiver, pommes suppl\u00e9mentaires.<\/p>\r\n<p style=\"text-align: left\" data-start=\"1602\" data-end=\"1732\"><strong data-start=\"1602\" data-end=\"1623\">Horaire sp\u00e9cial :<\/strong> pause des f\u00eates (semaines du 21 et 28 d\u00e9cembre, ainsi que du 4 janvier). Reprise la semaine du 11 janvier.<\/p>\r\n<p style=\"text-align: left\">(Un calendrier complet des dates de livraison vous sera partag\u00e9 dans l'infolettre.)<\/p>\r\n<p style=\"text-align: left\">[button link=\"https:\/\/www.loom.com\/share\/4107fe168a3b480eb1061b2638f22f40?sid=e1f0c65c-36a0-4baa-854c-b87e82aa17eb\" color=\"silver\" newwindow=\"yes\"] <strong>En savoir plus sur notre formule flexible<\/strong>[\/button]<\/p>\r\n<p style=\"text-align: left\">[button link=\"https:\/\/www.loom.com\/share\/864282acc62a4f00b2fb590464cd962f?sid=cc898808-df71-4cac-8951-a484a789b424\" color=\"silver\" newwindow=\"yes\"] <strong>Comment s'abonner<\/strong>[\/button]<\/p>\r\n<p style=\"text-align: left\"><strong>Points de cueillette<\/strong><\/p>\r\n<p style=\"text-align: left\">Choisissez votre point de cueillette au moment de l\u2019abonnement.<\/p>\r\n\r\n<details><summary style=\"cursor: pointer;font-weight: bold;font-size: 16px\">\ud83d\udc49 Voir la liste compl\u00e8te des points de cueillette<\/summary><strong>Gatineau<\/strong>\r\n- Bulles et Chiffons (Buckingham) \u2013 488 Ave. de Buckingham \u2013 Mercredi 14h \u00e0 17h\r\n- March\u00e9 de l\u2019Outaouais \u2013 71 Rue Eddy \u2013 Mercredi 14h \u00e0 17h\r\n- D\u00e9panneur Sylvestre \u2013 230 Rue Montcalm \u2013 Mercredi 15h \u00e0 17h\r\n- Familiprix Extra \u2013 235 Rue de Cannes \u2013 Mercredi 15h \u00e0 17h\r\n- Maison Bisson \u2013 2 Bd Louise-Campagna \u2013 Mercredi 15h \u00e0 17h\r\n- Br\u00fblerie Aladdin \u2013 774 Bd Saint-Joseph \u2013 Mercredi 15h \u00e0 17h\r\n- Br\u00fblerie Aladdin \u2013 343 Bd Gr\u00e9ber, suite 102 \u2013 Mercredi 15h \u00e0 17h\r\n- Le March\u00e9 (Val-T\u00e9treau) \u2013 50 Rue B\u00e9gin \u2013 Mercredi 15h \u00e0 19h\r\n- Boulangerie aux 2 fr\u00e8res \u2013 146 Rue Principale \u2013 Mercredi 15h \u00e0 19h\r\n-La Boite \u00e0 Grains: 325 e-1, Boul. Greber, Gatineau, Mercredi de 15h \u00e0 21h. (uniquement disponible en \u00e9t\u00e9)\r\n-La Boite \u00e0 Grains: 581, Boul. St-Joseph, Gatineau, Mercredi 15h \u00e0 21h, (uniquement disponible en \u00e9t\u00e9)\r\n\r\n&nbsp;\r\n\r\n<strong>Petite-Nation<\/strong>\r\n- Kiosque \u00e0 la ferme \u2013 1030 Route 317, Ripon \u2013 Mercredi 13h \u00e0 19h et jeudi au samedi 7h30 \u00e0 19h\r\n- Caf\u00e9 des Orties \u2013 46 Rue Principale, Ripon \u2013 Mercredi 14h \u00e0 19h\r\n- Boulangerie Au Pain d'Antan - 136 Rue Principale, Saint-Andr\u00e9-Avellin \u2013 Jeudi 14h \u00e0 17h\r\n<p style=\"text-align: left\"><strong>Montr\u00e9al (Ouest de l\u2019\u00eele)<\/strong>\r\n- Ste-Anne de Bellevue \u2013 219A Rue Ste-Anne \u2013 Jeudi 16h \u00e0 18h\r\n- Village Pointe-Claire \u2013 1 Condover, Pointe-Claire \u2013 Jeudi 15h \u00e0 18h\r\n- Vaudreuil-Dorion \u2013 189 Rue de Repentigny \u2013 Jeudi 16h \u00e0 18h<\/p>\r\n\r\n<\/details><\/div>\r\n<\/div>\r\n<\/div>\r\n<\/div>\r\n<\/div>\r\n<\/div>","_et_gb_content_width":""},"product_brand":[],"product_cat":[49],"product_tag":[],"class_list":{"0":"post-230383","1":"product","2":"type-product","3":"status-publish","4":"has-post-thumbnail","6":"product_cat-abonnements-paniers","7":"pa_p-et-r-petit-ete","8":"pa_p-et-r-petit-hiver","9":"pa_p-et-r-regulier-ete","10":"pa_p-et-r-regulier-hiver","12":"first","13":"instock","14":"shipping-taxable","15":"purchasable","16":"product-type-variable-subscription","17":"has-default-attributes"},"_links":{"self":[{"href":"https:\/\/fermeauxcolibris.com\/en\/wp-json\/wp\/v2\/product\/230383","targetHints":{"allow":["GET"]}}],"collection":[{"href":"https:\/\/fermeauxcolibris.com\/en\/wp-json\/wp\/v2\/product"}],"about":[{"href":"https:\/\/fermeauxcolibris.com\/en\/wp-json\/wp\/v2\/types\/product"}],"replies":[{"embeddable":true,"href":"https:\/\/fermeauxcolibris.com\/en\/wp-json\/wp\/v2\/comments?post=230383"}],"wp:featuredmedia":[{"embeddable":true,"href":"https:\/\/fermeauxcolibris.com\/en\/wp-json\/wp\/v2\/media\/226287"}],"wp:attachment":[{"href":"https:\/\/fermeauxcolibris.com\/en\/wp-json\/wp\/v2\/media?parent=230383"}],"wp:term":[{"taxonomy":"product_brand","embeddable":true,"href":"https:\/\/fermeauxcolibris.com\/en\/wp-json\/wp\/v2\/product_brand?post=230383"},{"taxonomy":"product_cat","embeddable":true,"href":"https:\/\/fermeauxcolibris.com\/en\/wp-json\/wp\/v2\/product_cat?post=230383"},{"taxonomy":"product_tag","embeddable":true,"href":"https:\/\/fermeauxcolibris.com\/en\/wp-json\/wp\/v2\/product_tag?post=230383"}],"curies":[{"name":"wp","href":"https:\/\/api.w.org\/{rel}","templated":true}]}}