{"id":225770,"date":"2024-08-15T06:58:10","date_gmt":"2024-08-15T10:58:10","guid":{"rendered":"https:\/\/fermeauxcolibris.com\/?post_type=product&#038;p=225770"},"modified":"2026-03-06T08:55:43","modified_gmt":"2026-03-06T13:55:43","slug":"courges-biologiques-delicata","status":"publish","type":"product","link":"https:\/\/fermeauxcolibris.com\/en\/product\/courges-biologiques-delicata\/","title":{"rendered":"Courges biologiques &#8211; delicata"},"content":{"rendered":"<p>Courge delicata biologique \u00e0 la chaire orange fonc\u00e9e et au go\u00fbt sucr\u00e9<\/p>","protected":false},"excerpt":{"rendered":"<p>Courge delicata biologique \u00e0 la chaire orange fonc\u00e9e et au go\u00fbt sucr\u00e9<\/p>","protected":false},"featured_media":230766,"comment_status":"open","ping_status":"closed","template":"","meta":{"_et_pb_use_builder":"","_et_pb_old_content":"","_et_gb_content_width":""},"product_brand":[],"product_cat":[58],"product_tag":[],"class_list":{"0":"post-225770","1":"product","2":"type-product","3":"status-publish","4":"has-post-thumbnail","6":"product_cat-divers","8":"first","9":"outofstock","10":"shipping-taxable","11":"purchasable","12":"product-type-simple"},"_links":{"self":[{"href":"https:\/\/fermeauxcolibris.com\/en\/wp-json\/wp\/v2\/product\/225770","targetHints":{"allow":["GET"]}}],"collection":[{"href":"https:\/\/fermeauxcolibris.com\/en\/wp-json\/wp\/v2\/product"}],"about":[{"href":"https:\/\/fermeauxcolibris.com\/en\/wp-json\/wp\/v2\/types\/product"}],"replies":[{"embeddable":true,"href":"https:\/\/fermeauxcolibris.com\/en\/wp-json\/wp\/v2\/comments?post=225770"}],"wp:featuredmedia":[{"embeddable":true,"href":"https:\/\/fermeauxcolibris.com\/en\/wp-json\/wp\/v2\/media\/230766"}],"wp:attachment":[{"href":"https:\/\/fermeauxcolibris.com\/en\/wp-json\/wp\/v2\/media?parent=225770"}],"wp:term":[{"taxonomy":"product_brand","embeddable":true,"href":"https:\/\/fermeauxcolibris.com\/en\/wp-json\/wp\/v2\/product_brand?post=225770"},{"taxonomy":"product_cat","embeddable":true,"href":"https:\/\/fermeauxcolibris.com\/en\/wp-json\/wp\/v2\/product_cat?post=225770"},{"taxonomy":"product_tag","embeddable":true,"href":"https:\/\/fermeauxcolibris.com\/en\/wp-json\/wp\/v2\/product_tag?post=225770"}],"curies":[{"name":"wp","href":"https:\/\/api.w.org\/{rel}","templated":true}]}}