{"id":225660,"date":"2024-08-02T16:18:54","date_gmt":"2024-08-02T20:18:54","guid":{"rendered":"https:\/\/fermeauxcolibris.com\/?post_type=product&#038;p=225660"},"modified":"2026-02-26T13:06:42","modified_gmt":"2026-02-26T18:06:42","slug":"mais-sucre-biologique","status":"publish","type":"product","link":"https:\/\/fermeauxcolibris.com\/en\/product\/mais-sucre-biologique\/","title":{"rendered":"Ma\u00efs sucr\u00e9 biologique"},"content":{"rendered":"<h4 class=\"product_title entry-title\">Ma\u00efs sucr\u00e9 sucr\u00e9 certifi\u00e9 biologique<\/h4>","protected":false},"excerpt":{"rendered":"<p>Ma\u00efs sucr\u00e9 sucr\u00e9 certifi\u00e9 biologique<\/p>","protected":false},"featured_media":225664,"comment_status":"open","ping_status":"closed","template":"","meta":{"_et_pb_use_builder":"","_et_pb_old_content":"","_et_gb_content_width":""},"product_brand":[],"product_cat":[23],"product_tag":[],"class_list":{"0":"post-225660","1":"product","2":"type-product","3":"status-publish","4":"has-post-thumbnail","6":"product_cat-primeur-de-la-saison","8":"first","9":"outofstock","10":"shipping-taxable","11":"product-type-variable"},"_links":{"self":[{"href":"https:\/\/fermeauxcolibris.com\/en\/wp-json\/wp\/v2\/product\/225660","targetHints":{"allow":["GET"]}}],"collection":[{"href":"https:\/\/fermeauxcolibris.com\/en\/wp-json\/wp\/v2\/product"}],"about":[{"href":"https:\/\/fermeauxcolibris.com\/en\/wp-json\/wp\/v2\/types\/product"}],"replies":[{"embeddable":true,"href":"https:\/\/fermeauxcolibris.com\/en\/wp-json\/wp\/v2\/comments?post=225660"}],"wp:featuredmedia":[{"embeddable":true,"href":"https:\/\/fermeauxcolibris.com\/en\/wp-json\/wp\/v2\/media\/225664"}],"wp:attachment":[{"href":"https:\/\/fermeauxcolibris.com\/en\/wp-json\/wp\/v2\/media?parent=225660"}],"wp:term":[{"taxonomy":"product_brand","embeddable":true,"href":"https:\/\/fermeauxcolibris.com\/en\/wp-json\/wp\/v2\/product_brand?post=225660"},{"taxonomy":"product_cat","embeddable":true,"href":"https:\/\/fermeauxcolibris.com\/en\/wp-json\/wp\/v2\/product_cat?post=225660"},{"taxonomy":"product_tag","embeddable":true,"href":"https:\/\/fermeauxcolibris.com\/en\/wp-json\/wp\/v2\/product_tag?post=225660"}],"curies":[{"name":"wp","href":"https:\/\/api.w.org\/{rel}","templated":true}]}}