{"id":225533,"date":"2024-07-15T08:06:34","date_gmt":"2024-07-15T12:06:34","guid":{"rendered":"https:\/\/fermeauxcolibris.com\/?post_type=product&#038;p=225533"},"modified":"2025-06-19T13:09:48","modified_gmt":"2025-06-19T17:09:48","slug":"endive-frisee-verte-biologique","status":"publish","type":"product","link":"https:\/\/fermeauxcolibris.com\/en\/product\/endive-frisee-verte-biologique\/","title":{"rendered":"Endive fris\u00e9e verte biologique"},"content":{"rendered":"<p>Endive fris\u00e9e biologique. Un go\u00fbt amer avec de belles feuilles vertes et blanches dentell\u00e9es.<\/p>","protected":false},"excerpt":{"rendered":"<p>Endive fris\u00e9e biologique. Un go\u00fbt amer avec de belles feuilles vertes et blanches dentell\u00e9es.<\/p>","protected":false},"featured_media":225534,"comment_status":"open","ping_status":"closed","template":"","meta":{"_et_pb_use_builder":"","_et_pb_old_content":"","_et_gb_content_width":""},"product_brand":[],"product_cat":[23,26],"product_tag":[],"class_list":{"0":"post-225533","1":"product","2":"type-product","3":"status-publish","4":"has-post-thumbnail","6":"product_cat-primeur-de-la-saison","7":"product_cat-verdures","9":"first","10":"outofstock","11":"shipping-taxable","12":"purchasable","13":"product-type-simple"},"_links":{"self":[{"href":"https:\/\/fermeauxcolibris.com\/en\/wp-json\/wp\/v2\/product\/225533","targetHints":{"allow":["GET"]}}],"collection":[{"href":"https:\/\/fermeauxcolibris.com\/en\/wp-json\/wp\/v2\/product"}],"about":[{"href":"https:\/\/fermeauxcolibris.com\/en\/wp-json\/wp\/v2\/types\/product"}],"replies":[{"embeddable":true,"href":"https:\/\/fermeauxcolibris.com\/en\/wp-json\/wp\/v2\/comments?post=225533"}],"wp:featuredmedia":[{"embeddable":true,"href":"https:\/\/fermeauxcolibris.com\/en\/wp-json\/wp\/v2\/media\/225534"}],"wp:attachment":[{"href":"https:\/\/fermeauxcolibris.com\/en\/wp-json\/wp\/v2\/media?parent=225533"}],"wp:term":[{"taxonomy":"product_brand","embeddable":true,"href":"https:\/\/fermeauxcolibris.com\/en\/wp-json\/wp\/v2\/product_brand?post=225533"},{"taxonomy":"product_cat","embeddable":true,"href":"https:\/\/fermeauxcolibris.com\/en\/wp-json\/wp\/v2\/product_cat?post=225533"},{"taxonomy":"product_tag","embeddable":true,"href":"https:\/\/fermeauxcolibris.com\/en\/wp-json\/wp\/v2\/product_tag?post=225533"}],"curies":[{"name":"wp","href":"https:\/\/api.w.org\/{rel}","templated":true}]}}