{"id":224917,"date":"2024-04-30T11:01:13","date_gmt":"2024-04-30T15:01:13","guid":{"rendered":"https:\/\/fermeauxcolibris.com\/?post_type=product&#038;p=224917"},"modified":"2026-01-29T09:54:18","modified_gmt":"2026-01-29T14:54:18","slug":"roquette-biologique-2","status":"publish","type":"product","link":"https:\/\/fermeauxcolibris.com\/en\/product\/roquette-biologique-2\/","title":{"rendered":"Roquette biologique"},"content":{"rendered":"<p>B\u00e9b\u00e9 roquette fraiche biologique. Notre roquette est parfaite pour les gens qui s&rsquo;initient \u00e0 la roquette, puisqu&rsquo;elle n&rsquo;est pas trop piquante. Nous l&rsquo;adorons en salade avec parmesan et citron, avec de la pizza ou bien m\u00e9lang\u00e9 aux p\u00e2tes. Un must dans notre cuisine 150g.<\/p>","protected":false},"excerpt":{"rendered":"<p>Roquette fraiche biologique<\/p>","protected":false},"featured_media":224924,"comment_status":"open","ping_status":"closed","template":"","meta":{"_et_pb_use_builder":"","_et_pb_old_content":"","_et_gb_content_width":""},"product_brand":[],"product_cat":[23,26],"product_tag":[],"class_list":{"0":"post-224917","1":"product","2":"type-product","3":"status-publish","4":"has-post-thumbnail","6":"product_cat-primeur-de-la-saison","7":"product_cat-verdures","9":"first","10":"outofstock","11":"shipping-taxable","12":"purchasable","13":"product-type-simple"},"_links":{"self":[{"href":"https:\/\/fermeauxcolibris.com\/en\/wp-json\/wp\/v2\/product\/224917","targetHints":{"allow":["GET"]}}],"collection":[{"href":"https:\/\/fermeauxcolibris.com\/en\/wp-json\/wp\/v2\/product"}],"about":[{"href":"https:\/\/fermeauxcolibris.com\/en\/wp-json\/wp\/v2\/types\/product"}],"replies":[{"embeddable":true,"href":"https:\/\/fermeauxcolibris.com\/en\/wp-json\/wp\/v2\/comments?post=224917"}],"wp:featuredmedia":[{"embeddable":true,"href":"https:\/\/fermeauxcolibris.com\/en\/wp-json\/wp\/v2\/media\/224924"}],"wp:attachment":[{"href":"https:\/\/fermeauxcolibris.com\/en\/wp-json\/wp\/v2\/media?parent=224917"}],"wp:term":[{"taxonomy":"product_brand","embeddable":true,"href":"https:\/\/fermeauxcolibris.com\/en\/wp-json\/wp\/v2\/product_brand?post=224917"},{"taxonomy":"product_cat","embeddable":true,"href":"https:\/\/fermeauxcolibris.com\/en\/wp-json\/wp\/v2\/product_cat?post=224917"},{"taxonomy":"product_tag","embeddable":true,"href":"https:\/\/fermeauxcolibris.com\/en\/wp-json\/wp\/v2\/product_tag?post=224917"}],"curies":[{"name":"wp","href":"https:\/\/api.w.org\/{rel}","templated":true}]}}