{"id":224528,"date":"2024-03-01T14:00:30","date_gmt":"2024-03-01T19:00:30","guid":{"rendered":"https:\/\/fermeauxcolibris.com\/?post_type=product&#038;p=224528"},"modified":"2026-02-26T13:06:42","modified_gmt":"2026-02-26T18:06:42","slug":"carte-prepayee","status":"publish","type":"product","link":"https:\/\/fermeauxcolibris.com\/en\/product\/carte-prepayee\/","title":{"rendered":"Prepaid card"},"content":{"rendered":"<div class=\"ahS2Le\">\n<div class=\"F9yp7e ikZYwf LgNcQe\" dir=\"auto\" role=\"heading\" aria-level=\"1\"><b>Devenez un colibris en vous procurant une carte pr\u00e9pay\u00e9e.<\/b><\/div>\n<\/div>\n<div class=\"cBGGJ OIC90c\" dir=\"auto\">\n<div><b>Obtenez juste le meilleur de la formule des paniers bio, la fraicheur et la diversit\u00e9 sans contrainte.<\/b><\/div>\n<\/div>\n<div><\/div>\n<div>\n<p>Nous avons fait le choix de construire un kiosque \u00e0 la ferme d\u00e8s la premi\u00e8re ann\u00e9e d\u2019\u00e9tablissement. L\u2019objectif \u00e9tant de nourri notre communaut\u00e9 et de cr\u00e9er un lieu de rencontre et d\u2019\u00e9change avec vous. Venez nous voir chaque semaine le vendredi et samedi de mai \u00e0 d\u00e9cembre.Abonn\u00e9e vous \u00e0 nos paniers au kiosque \u00e0 la ferme gr\u00e2ce \u00e0 nos cartes pr\u00e9pay\u00e9es et profitez d\u2019une r\u00e9duction de 5% disponible \u00e0 l\u2019ann\u00e9e.<\/p>\n<p>Options de carte pr\u00e9pay\u00e9e:<\/p>\n<p><b>150$<\/b><\/p>\n<p><b>250$<\/b><\/p>\n<p><b>500$<\/b><\/p>\n<ul>\n<li>Flexibilit\u00e9 totale, vous achetez ce que vous voulez et utilisable pour les autres produits du kiosque (ex \u0153ufs, pains etc)<\/li>\n<li>Take as much vacation time as you want; in short, you come to the kiosk according to your needs.<\/li>\n<\/ul>\n<p><b>Promotion de 10% de rabais pour les familles sur les cartes pr\u00e9pay\u00e9es de plus de 500$ disponible \u00e0 l\u2019ann\u00e9e<\/b><\/p>\n<p><b>Promotion de 10% de rabais sur toute les cartes pr\u00e9pay\u00e9es lors de l\u2019achat du 1 d\u00e9cembre au 30 avril<\/b><\/p>\n<\/div>","protected":false},"excerpt":{"rendered":"<p>Devenez un colibris en vous procurant une carte pr\u00e9pay\u00e9e. Obtenez juste le meilleur de la formule des paniers bio, la fraicheur et la diversit\u00e9 sans contrainte. Nous avons fait le choix de construire un kiosque \u00e0 la ferme d\u00e8s la premi\u00e8re ann\u00e9e d\u2019\u00e9tablissement. L\u2019objectif \u00e9tant de nourri notre communaut\u00e9 et de cr\u00e9er un lieu de [&hellip;]<\/p>\n","protected":false},"featured_media":223759,"comment_status":"open","ping_status":"closed","template":"","meta":{"_et_pb_use_builder":"","_et_pb_old_content":"","_et_gb_content_width":""},"product_brand":[],"product_cat":[20],"product_tag":[],"class_list":{"0":"post-224528","1":"product","2":"type-product","3":"status-publish","4":"has-post-thumbnail","6":"product_cat-carte-prepayee","8":"first","9":"instock","10":"shipping-taxable","11":"purchasable","12":"product-type-variable"},"_links":{"self":[{"href":"https:\/\/fermeauxcolibris.com\/en\/wp-json\/wp\/v2\/product\/224528","targetHints":{"allow":["GET"]}}],"collection":[{"href":"https:\/\/fermeauxcolibris.com\/en\/wp-json\/wp\/v2\/product"}],"about":[{"href":"https:\/\/fermeauxcolibris.com\/en\/wp-json\/wp\/v2\/types\/product"}],"replies":[{"embeddable":true,"href":"https:\/\/fermeauxcolibris.com\/en\/wp-json\/wp\/v2\/comments?post=224528"}],"wp:featuredmedia":[{"embeddable":true,"href":"https:\/\/fermeauxcolibris.com\/en\/wp-json\/wp\/v2\/media\/223759"}],"wp:attachment":[{"href":"https:\/\/fermeauxcolibris.com\/en\/wp-json\/wp\/v2\/media?parent=224528"}],"wp:term":[{"taxonomy":"product_brand","embeddable":true,"href":"https:\/\/fermeauxcolibris.com\/en\/wp-json\/wp\/v2\/product_brand?post=224528"},{"taxonomy":"product_cat","embeddable":true,"href":"https:\/\/fermeauxcolibris.com\/en\/wp-json\/wp\/v2\/product_cat?post=224528"},{"taxonomy":"product_tag","embeddable":true,"href":"https:\/\/fermeauxcolibris.com\/en\/wp-json\/wp\/v2\/product_tag?post=224528"}],"curies":[{"name":"wp","href":"https:\/\/api.w.org\/{rel}","templated":true}]}}