{"id":224201,"date":"2023-11-29T15:12:53","date_gmt":"2023-11-29T20:12:53","guid":{"rendered":"https:\/\/fermeauxcolibris.com\/?post_type=product&#038;p=224201"},"modified":"2026-02-26T13:06:43","modified_gmt":"2026-02-26T18:06:43","slug":"radis-melon-biologique","status":"publish","type":"product","link":"https:\/\/fermeauxcolibris.com\/en\/product\/radis-melon-biologique\/","title":{"rendered":"Radis melon biologique"},"content":{"rendered":"<p>Ces radis de conservation sont d&rsquo;un rose magnifique! Ils sont un peu piquant lorsque mang\u00e9 cru, mais deviennent tr\u00e8s sucr\u00e9s lorsque cuisin\u00e9s! On les adorre!<\/p>","protected":false},"excerpt":{"rendered":"<p>Ces radis de conservation sont d&rsquo;un rose magnifique! Ils sont un peu piquant lorsque mang\u00e9 cru, mais deviennent tr\u00e8s sucr\u00e9s lorsque cuisin\u00e9s! On les adore!<\/p>","protected":false},"featured_media":224204,"comment_status":"open","ping_status":"closed","template":"","meta":{"_et_pb_use_builder":"","_et_pb_old_content":"","_et_gb_content_width":""},"product_brand":[],"product_cat":[22],"product_tag":[],"class_list":{"0":"post-224201","1":"product","2":"type-product","3":"status-publish","4":"has-post-thumbnail","6":"product_cat-legumes-racines","8":"first","9":"outofstock","10":"shipping-taxable","11":"product-type-variable"},"_links":{"self":[{"href":"https:\/\/fermeauxcolibris.com\/en\/wp-json\/wp\/v2\/product\/224201","targetHints":{"allow":["GET"]}}],"collection":[{"href":"https:\/\/fermeauxcolibris.com\/en\/wp-json\/wp\/v2\/product"}],"about":[{"href":"https:\/\/fermeauxcolibris.com\/en\/wp-json\/wp\/v2\/types\/product"}],"replies":[{"embeddable":true,"href":"https:\/\/fermeauxcolibris.com\/en\/wp-json\/wp\/v2\/comments?post=224201"}],"wp:featuredmedia":[{"embeddable":true,"href":"https:\/\/fermeauxcolibris.com\/en\/wp-json\/wp\/v2\/media\/224204"}],"wp:attachment":[{"href":"https:\/\/fermeauxcolibris.com\/en\/wp-json\/wp\/v2\/media?parent=224201"}],"wp:term":[{"taxonomy":"product_brand","embeddable":true,"href":"https:\/\/fermeauxcolibris.com\/en\/wp-json\/wp\/v2\/product_brand?post=224201"},{"taxonomy":"product_cat","embeddable":true,"href":"https:\/\/fermeauxcolibris.com\/en\/wp-json\/wp\/v2\/product_cat?post=224201"},{"taxonomy":"product_tag","embeddable":true,"href":"https:\/\/fermeauxcolibris.com\/en\/wp-json\/wp\/v2\/product_tag?post=224201"}],"curies":[{"name":"wp","href":"https:\/\/api.w.org\/{rel}","templated":true}]}}