{"id":224197,"date":"2023-11-29T15:08:13","date_gmt":"2023-11-29T20:08:13","guid":{"rendered":"https:\/\/fermeauxcolibris.com\/?post_type=product&#038;p=224197"},"modified":"2026-04-28T05:20:59","modified_gmt":"2026-04-28T09:20:59","slug":"radis-daikon-mauve","status":"publish","type":"product","link":"https:\/\/fermeauxcolibris.com\/en\/product\/radis-daikon-mauve\/","title":{"rendered":"Radis Daikon mauve biologique"},"content":{"rendered":"<p>Ces daikons mauves sont d\u00e9licieux en salade fraiches, r\u00f4tis ou ajout\u00e9s au saut\u00e9 pour de la couleur dans vos repas d&rsquo;hiver. Ils se conservent \u00e0 merveilles jusqu&rsquo;au mois les plus froids<\/p>","protected":false},"excerpt":{"rendered":"<p>Ces petits daikons mauves sont d\u00e9licieux en salade fraiches, r\u00f4tis ou ajout\u00e9s au saut\u00e9 pour de la couleur dans vos repas d&rsquo;hiver. Ils se conservent \u00e0 merveilles jusqu&rsquo;au mois les plus froids<\/p>","protected":false},"featured_media":224198,"comment_status":"open","ping_status":"closed","template":"","meta":{"_et_pb_use_builder":"","_et_pb_old_content":"","_et_gb_content_width":""},"product_brand":[],"product_cat":[22],"product_tag":[],"class_list":{"0":"post-224197","1":"product","2":"type-product","3":"status-publish","4":"has-post-thumbnail","6":"product_cat-legumes-racines","8":"first","9":"instock","10":"shipping-taxable","11":"purchasable","12":"product-type-variable"},"_links":{"self":[{"href":"https:\/\/fermeauxcolibris.com\/en\/wp-json\/wp\/v2\/product\/224197","targetHints":{"allow":["GET"]}}],"collection":[{"href":"https:\/\/fermeauxcolibris.com\/en\/wp-json\/wp\/v2\/product"}],"about":[{"href":"https:\/\/fermeauxcolibris.com\/en\/wp-json\/wp\/v2\/types\/product"}],"replies":[{"embeddable":true,"href":"https:\/\/fermeauxcolibris.com\/en\/wp-json\/wp\/v2\/comments?post=224197"}],"wp:featuredmedia":[{"embeddable":true,"href":"https:\/\/fermeauxcolibris.com\/en\/wp-json\/wp\/v2\/media\/224198"}],"wp:attachment":[{"href":"https:\/\/fermeauxcolibris.com\/en\/wp-json\/wp\/v2\/media?parent=224197"}],"wp:term":[{"taxonomy":"product_brand","embeddable":true,"href":"https:\/\/fermeauxcolibris.com\/en\/wp-json\/wp\/v2\/product_brand?post=224197"},{"taxonomy":"product_cat","embeddable":true,"href":"https:\/\/fermeauxcolibris.com\/en\/wp-json\/wp\/v2\/product_cat?post=224197"},{"taxonomy":"product_tag","embeddable":true,"href":"https:\/\/fermeauxcolibris.com\/en\/wp-json\/wp\/v2\/product_tag?post=224197"}],"curies":[{"name":"wp","href":"https:\/\/api.w.org\/{rel}","templated":true}]}}