{"id":223844,"date":"2023-05-01T15:06:28","date_gmt":"2023-05-01T15:06:28","guid":{"rendered":"https:\/\/fermeauxcolibris.com\/?post_type=product&#038;p=223844"},"modified":"2026-04-13T07:30:38","modified_gmt":"2026-04-13T11:30:38","slug":"chou-vert-rond-biologique","status":"publish","type":"product","link":"https:\/\/fermeauxcolibris.com\/en\/product\/chou-vert-rond-biologique\/","title":{"rendered":"Chou vert biologique"},"content":{"rendered":"<p>Chou de fin d&rsquo;\u00e9t\u00e9. Sa texture est tendre et ses feuilles immenses. Il se pr\u00eate bien pour les rouleaux de choux<\/p>","protected":false},"excerpt":{"rendered":"<p>Chou de fin d&rsquo;\u00e9t\u00e9. Sa texture est tendre et ses feuilles immenses. Il se pr\u00eate bien pour les rouleaux de choux<\/p>","protected":false},"featured_media":224175,"comment_status":"open","ping_status":"closed","template":"","meta":{"_et_pb_use_builder":"","_et_pb_old_content":"","_et_gb_content_width":""},"product_brand":[],"product_cat":[24],"product_tag":[],"class_list":{"0":"post-223844","1":"product","2":"type-product","3":"status-publish","4":"has-post-thumbnail","6":"product_cat-choux","8":"first","9":"outofstock","10":"shipping-taxable","11":"purchasable","12":"product-type-simple"},"_links":{"self":[{"href":"https:\/\/fermeauxcolibris.com\/en\/wp-json\/wp\/v2\/product\/223844","targetHints":{"allow":["GET"]}}],"collection":[{"href":"https:\/\/fermeauxcolibris.com\/en\/wp-json\/wp\/v2\/product"}],"about":[{"href":"https:\/\/fermeauxcolibris.com\/en\/wp-json\/wp\/v2\/types\/product"}],"replies":[{"embeddable":true,"href":"https:\/\/fermeauxcolibris.com\/en\/wp-json\/wp\/v2\/comments?post=223844"}],"wp:featuredmedia":[{"embeddable":true,"href":"https:\/\/fermeauxcolibris.com\/en\/wp-json\/wp\/v2\/media\/224175"}],"wp:attachment":[{"href":"https:\/\/fermeauxcolibris.com\/en\/wp-json\/wp\/v2\/media?parent=223844"}],"wp:term":[{"taxonomy":"product_brand","embeddable":true,"href":"https:\/\/fermeauxcolibris.com\/en\/wp-json\/wp\/v2\/product_brand?post=223844"},{"taxonomy":"product_cat","embeddable":true,"href":"https:\/\/fermeauxcolibris.com\/en\/wp-json\/wp\/v2\/product_cat?post=223844"},{"taxonomy":"product_tag","embeddable":true,"href":"https:\/\/fermeauxcolibris.com\/en\/wp-json\/wp\/v2\/product_tag?post=223844"}],"curies":[{"name":"wp","href":"https:\/\/api.w.org\/{rel}","templated":true}]}}