{"id":223828,"date":"2023-05-01T15:06:00","date_gmt":"2023-05-01T15:06:00","guid":{"rendered":"https:\/\/fermeauxcolibris.com\/?post_type=product&#038;p=223828"},"modified":"2026-02-05T09:33:05","modified_gmt":"2026-02-05T14:33:05","slug":"laitue-frisee-rouge-biologique","status":"publish","type":"product","link":"https:\/\/fermeauxcolibris.com\/en\/product\/laitue-frisee-rouge-biologique\/","title":{"rendered":"Laitue fris\u00e9e rouge biologique"},"content":{"rendered":"<p>Laitue avec des feuilles croustillantes et fris\u00e9es, rouge fonc\u00e9e.<\/p>","protected":false},"excerpt":{"rendered":"<p>Laitue avec des feuilles croustillantes et fris\u00e9es, rouge fonc\u00e9e.<\/p>","protected":false},"featured_media":225144,"comment_status":"open","ping_status":"closed","template":"","meta":{"_et_pb_use_builder":"","_et_pb_old_content":"","_et_gb_content_width":""},"product_brand":[],"product_cat":[26],"product_tag":[],"class_list":{"0":"post-223828","1":"product","2":"type-product","3":"status-publish","4":"has-post-thumbnail","6":"product_cat-verdures","8":"first","9":"outofstock","10":"shipping-taxable","11":"purchasable","12":"product-type-simple"},"_links":{"self":[{"href":"https:\/\/fermeauxcolibris.com\/en\/wp-json\/wp\/v2\/product\/223828","targetHints":{"allow":["GET"]}}],"collection":[{"href":"https:\/\/fermeauxcolibris.com\/en\/wp-json\/wp\/v2\/product"}],"about":[{"href":"https:\/\/fermeauxcolibris.com\/en\/wp-json\/wp\/v2\/types\/product"}],"replies":[{"embeddable":true,"href":"https:\/\/fermeauxcolibris.com\/en\/wp-json\/wp\/v2\/comments?post=223828"}],"wp:featuredmedia":[{"embeddable":true,"href":"https:\/\/fermeauxcolibris.com\/en\/wp-json\/wp\/v2\/media\/225144"}],"wp:attachment":[{"href":"https:\/\/fermeauxcolibris.com\/en\/wp-json\/wp\/v2\/media?parent=223828"}],"wp:term":[{"taxonomy":"product_brand","embeddable":true,"href":"https:\/\/fermeauxcolibris.com\/en\/wp-json\/wp\/v2\/product_brand?post=223828"},{"taxonomy":"product_cat","embeddable":true,"href":"https:\/\/fermeauxcolibris.com\/en\/wp-json\/wp\/v2\/product_cat?post=223828"},{"taxonomy":"product_tag","embeddable":true,"href":"https:\/\/fermeauxcolibris.com\/en\/wp-json\/wp\/v2\/product_tag?post=223828"}],"curies":[{"name":"wp","href":"https:\/\/api.w.org\/{rel}","templated":true}]}}