{"id":223789,"date":"2023-05-01T11:05:47","date_gmt":"2023-05-01T15:05:47","guid":{"rendered":"https:\/\/fermeauxcolibris.com\/?post_type=product&#038;p=223789"},"modified":"2026-01-26T15:03:32","modified_gmt":"2026-01-26T20:03:32","slug":"bok-choy-biologique","status":"publish","type":"product","link":"https:\/\/fermeauxcolibris.com\/en\/product\/bok-choy-biologique\/","title":{"rendered":"Bok choy biologique en botte"},"content":{"rendered":"<p>Bok choy (Pac choy) biologique aux tiges juteuses et tendres. Nous adorons cette vari\u00e9t\u00e9 pour sa couleur verte fonc\u00e9e et ses tiges croquantes. En saut\u00e9, en soupe, en salade ou bien au four sur une plaque \u00e0 biscuits, pour nous c&rsquo;est un incontournable dans notre cuisine.<\/p>","protected":false},"excerpt":{"rendered":"<p>Bok choy (Pac choy) biologique aux tiges juteuses et tendres. Nous adorons cette vari\u00e9t\u00e9 pour sa couleur verte fonc\u00e9e et ses tiges croquantes. En saut\u00e9, en soupe, en salade ou bien au four sur une plaque \u00e0 biscuits, pour nous c&rsquo;est un incontournable dans notre cuisine.<\/p>","protected":false},"featured_media":224825,"comment_status":"open","ping_status":"closed","template":"","meta":{"_et_pb_use_builder":"","_et_pb_old_content":"","_et_gb_content_width":""},"product_brand":[],"product_cat":[23,26],"product_tag":[],"class_list":{"0":"post-223789","1":"product","2":"type-product","3":"status-publish","4":"has-post-thumbnail","6":"product_cat-primeur-de-la-saison","7":"product_cat-verdures","9":"first","10":"outofstock","11":"shipping-taxable","12":"purchasable","13":"product-type-simple"},"_links":{"self":[{"href":"https:\/\/fermeauxcolibris.com\/en\/wp-json\/wp\/v2\/product\/223789","targetHints":{"allow":["GET"]}}],"collection":[{"href":"https:\/\/fermeauxcolibris.com\/en\/wp-json\/wp\/v2\/product"}],"about":[{"href":"https:\/\/fermeauxcolibris.com\/en\/wp-json\/wp\/v2\/types\/product"}],"replies":[{"embeddable":true,"href":"https:\/\/fermeauxcolibris.com\/en\/wp-json\/wp\/v2\/comments?post=223789"}],"wp:featuredmedia":[{"embeddable":true,"href":"https:\/\/fermeauxcolibris.com\/en\/wp-json\/wp\/v2\/media\/224825"}],"wp:attachment":[{"href":"https:\/\/fermeauxcolibris.com\/en\/wp-json\/wp\/v2\/media?parent=223789"}],"wp:term":[{"taxonomy":"product_brand","embeddable":true,"href":"https:\/\/fermeauxcolibris.com\/en\/wp-json\/wp\/v2\/product_brand?post=223789"},{"taxonomy":"product_cat","embeddable":true,"href":"https:\/\/fermeauxcolibris.com\/en\/wp-json\/wp\/v2\/product_cat?post=223789"},{"taxonomy":"product_tag","embeddable":true,"href":"https:\/\/fermeauxcolibris.com\/en\/wp-json\/wp\/v2\/product_tag?post=223789"}],"curies":[{"name":"wp","href":"https:\/\/api.w.org\/{rel}","templated":true}]}}