{"id":223777,"date":"2023-05-01T15:05:46","date_gmt":"2023-05-01T15:05:46","guid":{"rendered":"https:\/\/fermeauxcolibris.com\/?post_type=product&#038;p=223777"},"modified":"2026-01-26T15:16:07","modified_gmt":"2026-01-26T20:16:07","slug":"concombre-americain-biologique","status":"publish","type":"product","link":"https:\/\/fermeauxcolibris.com\/en\/product\/concombre-americain-biologique\/","title":{"rendered":"Concombres libanais biologiques"},"content":{"rendered":"<p>petits concombres libanais sans p\u00e9pins avec une peau tr\u00e8s mince, paquet 3-4 unit\u00e9.<\/p>","protected":false},"excerpt":{"rendered":"<p>petits concombres libanais sans p\u00e9pins avec une peau tr\u00e8s mince, paquet 3-4 unit\u00e9.<\/p>","protected":false},"featured_media":225233,"comment_status":"open","ping_status":"closed","template":"","meta":{"_et_pb_use_builder":"","_et_pb_old_content":"","_et_gb_content_width":""},"product_brand":[],"product_cat":[25],"product_tag":[],"class_list":{"0":"post-223777","1":"product","2":"type-product","3":"status-publish","4":"has-post-thumbnail","6":"product_cat-concombres","8":"first","9":"outofstock","10":"shipping-taxable","11":"purchasable","12":"product-type-simple"},"_links":{"self":[{"href":"https:\/\/fermeauxcolibris.com\/en\/wp-json\/wp\/v2\/product\/223777","targetHints":{"allow":["GET"]}}],"collection":[{"href":"https:\/\/fermeauxcolibris.com\/en\/wp-json\/wp\/v2\/product"}],"about":[{"href":"https:\/\/fermeauxcolibris.com\/en\/wp-json\/wp\/v2\/types\/product"}],"replies":[{"embeddable":true,"href":"https:\/\/fermeauxcolibris.com\/en\/wp-json\/wp\/v2\/comments?post=223777"}],"wp:featuredmedia":[{"embeddable":true,"href":"https:\/\/fermeauxcolibris.com\/en\/wp-json\/wp\/v2\/media\/225233"}],"wp:attachment":[{"href":"https:\/\/fermeauxcolibris.com\/en\/wp-json\/wp\/v2\/media?parent=223777"}],"wp:term":[{"taxonomy":"product_brand","embeddable":true,"href":"https:\/\/fermeauxcolibris.com\/en\/wp-json\/wp\/v2\/product_brand?post=223777"},{"taxonomy":"product_cat","embeddable":true,"href":"https:\/\/fermeauxcolibris.com\/en\/wp-json\/wp\/v2\/product_cat?post=223777"},{"taxonomy":"product_tag","embeddable":true,"href":"https:\/\/fermeauxcolibris.com\/en\/wp-json\/wp\/v2\/product_tag?post=223777"}],"curies":[{"name":"wp","href":"https:\/\/api.w.org\/{rel}","templated":true}]}}