{"id":223775,"date":"2023-05-01T15:05:46","date_gmt":"2023-05-01T15:05:46","guid":{"rendered":"https:\/\/fermeauxcolibris.com\/?post_type=product&#038;p=223775"},"modified":"2026-04-13T10:54:39","modified_gmt":"2026-04-13T14:54:39","slug":"chou-nappa-biologique","status":"publish","type":"product","link":"https:\/\/fermeauxcolibris.com\/en\/product\/chou-nappa-biologique\/","title":{"rendered":"Organic nappa cabbage"},"content":{"rendered":"<p>Choux nappas biologiques parfait pour les salades fraiches d&rsquo;hiver, les saut\u00e9s de l\u00e9gumes ou les kimchis.<\/p>","protected":false},"excerpt":{"rendered":"<p>Ce chou se pr\u00eate parfaitement pour les saut\u00e9s de l\u00e9gumes, les salades ou pour en faire du Kimchi. C&rsquo;est un de nos l\u00e9gumes pr\u00e9f\u00e9r\u00e9 \u00e0 la ferme!<\/p>","protected":false},"featured_media":223805,"comment_status":"open","ping_status":"closed","template":"","meta":{"_et_pb_use_builder":"","_et_pb_old_content":"","_et_gb_content_width":""},"product_brand":[],"product_cat":[24],"product_tag":[],"class_list":{"0":"post-223775","1":"product","2":"type-product","3":"status-publish","4":"has-post-thumbnail","6":"product_cat-choux","8":"first","9":"outofstock","10":"shipping-taxable","11":"purchasable","12":"product-type-simple"},"_links":{"self":[{"href":"https:\/\/fermeauxcolibris.com\/en\/wp-json\/wp\/v2\/product\/223775","targetHints":{"allow":["GET"]}}],"collection":[{"href":"https:\/\/fermeauxcolibris.com\/en\/wp-json\/wp\/v2\/product"}],"about":[{"href":"https:\/\/fermeauxcolibris.com\/en\/wp-json\/wp\/v2\/types\/product"}],"replies":[{"embeddable":true,"href":"https:\/\/fermeauxcolibris.com\/en\/wp-json\/wp\/v2\/comments?post=223775"}],"wp:featuredmedia":[{"embeddable":true,"href":"https:\/\/fermeauxcolibris.com\/en\/wp-json\/wp\/v2\/media\/223805"}],"wp:attachment":[{"href":"https:\/\/fermeauxcolibris.com\/en\/wp-json\/wp\/v2\/media?parent=223775"}],"wp:term":[{"taxonomy":"product_brand","embeddable":true,"href":"https:\/\/fermeauxcolibris.com\/en\/wp-json\/wp\/v2\/product_brand?post=223775"},{"taxonomy":"product_cat","embeddable":true,"href":"https:\/\/fermeauxcolibris.com\/en\/wp-json\/wp\/v2\/product_cat?post=223775"},{"taxonomy":"product_tag","embeddable":true,"href":"https:\/\/fermeauxcolibris.com\/en\/wp-json\/wp\/v2\/product_tag?post=223775"}],"curies":[{"name":"wp","href":"https:\/\/api.w.org\/{rel}","templated":true}]}}