{"id":232911,"date":"2026-03-05T11:39:22","date_gmt":"2026-03-05T16:39:22","guid":{"rendered":"https:\/\/fermeauxcolibris.com\/?page_id=232911"},"modified":"2026-04-04T14:55:19","modified_gmt":"2026-04-04T18:55:19","slug":"paniers-bio-gatineau","status":"publish","type":"page","link":"https:\/\/fermeauxcolibris.com\/en\/paniers-bio-gatineau\/","title":{"rendered":"Paniers bio \u00e0 Gatineau et Outaouais \u2013 Points de cueillette"},"content":{"rendered":"<p>[et_pb_section fb_built=\u00a0\u00bb1&Prime; _builder_version=\u00a0\u00bb4.27.5&Prime; _module_preset=\u00a0\u00bbdefault\u00a0\u00bb custom_padding=\u00a0\u00bb5px|||||\u00a0\u00bb global_colors_info=\u00a0\u00bb{}\u00a0\u00bb][et_pb_row use_custom_gutter=\u00a0\u00bbon\u00a0\u00bb gutter_width=\u00a0\u00bb2&Prime; make_equal=\u00a0\u00bbon\u00a0\u00bb _builder_version=\u00a0\u00bb4.27.6&Prime; _module_preset=\u00a0\u00bbdefault\u00a0\u00bb background_color=\u00a0\u00bb#59705d\u00a0\u00bb min_height=\u00a0\u00bb168px\u00a0\u00bb custom_margin=\u00a0\u00bb-9px|auto|-23px|411px||\u00a0\u00bb custom_padding=\u00a0\u00bb44px||0px|||\u00a0\u00bb hover_enabled=\u00a0\u00bb0&Prime; border_color_all=\u00a0\u00bb#FFFFFF\u00a0\u00bb border_width_top=\u00a0\u00bb6px\u00a0\u00bb global_colors_info=\u00a0\u00bb{}\u00a0\u00bb module_alignment_last_edited=\u00a0\u00bbon|phone\u00a0\u00bb module_alignment=\u00a0\u00bbcenter\u00a0\u00bb sticky_enabled=\u00a0\u00bb0&Prime; module_alignment_tablet=\u00a0\u00bbcenter\u00a0\u00bb module_alignment_phone=\u00a0\u00bbcenter\u00a0\u00bb][et_pb_column type=\u00a0\u00bb4_4&Prime; _builder_version=\u00a0\u00bb4.27.5&Prime; _module_preset=\u00a0\u00bbdefault\u00a0\u00bb global_colors_info=\u00a0\u00bb{}\u00a0\u00bb][et_pb_heading title=\u00a0\u00bbPaniers bio \u00e0 Gatineau et Outaouais\u00a0\u00bb _builder_version=\u00a0\u00bb4.27.5&Prime; _module_preset=\u00a0\u00bbdefault\u00a0\u00bb title_text_align=\u00a0\u00bbcenter\u00a0\u00bb title_text_color=\u00a0\u00bb#FFFFFF\u00a0\u00bb global_colors_info=\u00a0\u00bb{}\u00a0\u00bb][\/et_pb_heading][et_pb_text _builder_version=\u00a0\u00bb4.27.5&Prime; _module_preset=\u00a0\u00bbdefault\u00a0\u00bb custom_margin=\u00a0\u00bb||44px|||\u00a0\u00bb global_colors_info=\u00a0\u00bb{}\u00a0\u00bb]<\/p>\n<p style=\"text-align: center;\"><span style=\"color: #ffffff;\">La Ferme aux colibris livre chaque semaine des paniers de l\u00e9gumes biologiques frais dans 10 points de cueillette \u00e0 Gatineau et en Outaouais. Abonnez-vous pour recevoir des l\u00e9gumes certifi\u00e9s biologiques, cultiv\u00e9s \u00e0 Ripon, directement dans votre quartier.<\/span><\/p>\n<p>[\/et_pb_text][\/et_pb_column][\/et_pb_row][et_pb_row _builder_version=\u00a0\u00bb4.27.5&Prime; _module_preset=\u00a0\u00bbdefault\u00a0\u00bb width=\u00a0\u00bb79.9%\u00a0\u00bb custom_margin=\u00a0\u00bb-9px|auto|-23px|411px||\u00a0\u00bb custom_padding=\u00a0\u00bb||44px|2px||\u00a0\u00bb global_colors_info=\u00a0\u00bb{}\u00a0\u00bb use_custom_gutter=\u00a0\u00bbon\u00a0\u00bb gutter_width=\u00a0\u00bb2&Prime; make_equal=\u00a0\u00bbon\u00a0\u00bb background_color=\u00a0\u00bb#59705d\u00a0\u00bb module_alignment=\u00a0\u00bbcenter\u00a0\u00bb module_alignment_tablet=\u00a0\u00bbcenter\u00a0\u00bb module_alignment_phone=\u00a0\u00bbcenter\u00a0\u00bb module_alignment_last_edited=\u00a0\u00bbon|phone\u00a0\u00bb min_height=\u00a0\u00bb129px\u00a0\u00bb border_color_all=\u00a0\u00bbrgba(255,255,255,0.08)\u00a0\u00bb border_width_top=\u00a0\u00bb6px\u00a0\u00bb][et_pb_column type=\u00a0\u00bb4_4&Prime; _builder_version=\u00a0\u00bb4.27.5&Prime; _module_preset=\u00a0\u00bbdefault\u00a0\u00bb global_colors_info=\u00a0\u00bb{}\u00a0\u00bb][et_pb_text _builder_version=\u00a0\u00bb4.27.5&Prime; _module_preset=\u00a0\u00bbdefault\u00a0\u00bb global_colors_info=\u00a0\u00bb{}\u00a0\u00bb custom_margin=\u00a0\u00bb|||8px||\u00a0\u00bb width=\u00a0\u00bb100%\u00a0\u00bb custom_padding=\u00a0\u00bb|14px||||\u00a0\u00bb]<\/p>\n<p style=\"text-align: center;\"><span style=\"color: #ffffff;\"><strong>Pourquoi choisir la Ferme aux Colibris \u00e0 Gatineau ?<\/strong><\/span><\/p>\n<p style=\"text-align: center;\"><span style=\"color: #ffffff;\"> Nos l\u00e9gumes sont cultiv\u00e9s \u00e0 Ripon, \u00e0 moins d&rsquo;une heure de Gatineau. Certifi\u00e9s biologiques par Qu\u00e9bec Vrai, ils sont r\u00e9colt\u00e9s et livr\u00e9s la m\u00eame semaine pour une fra\u00eecheur maximale. Abonnement sans engagement, pause possible \u00e0 tout moment.<\/span><\/p>\n<p>[\/et_pb_text][\/et_pb_column][\/et_pb_row][et_pb_row _builder_version=\u00a0\u00bb4.27.5&Prime; _module_preset=\u00a0\u00bbdefault\u00a0\u00bb custom_margin=\u00a0\u00bb8px|auto||auto||\u00a0\u00bb global_colors_info=\u00a0\u00bb{}\u00a0\u00bb][et_pb_column type=\u00a0\u00bb4_4&Prime; _builder_version=\u00a0\u00bb4.27.5&Prime; _module_preset=\u00a0\u00bbdefault\u00a0\u00bb global_colors_info=\u00a0\u00bb{}\u00a0\u00bb][et_pb_heading title=\u00a0\u00bbNos points de cueillette \u00e0 Gatineau\u00a0\u00bb _builder_version=\u00a0\u00bb4.27.5&Prime; _module_preset=\u00a0\u00bbdefault\u00a0\u00bb title_level=\u00a0\u00bbh2&Prime; title_text_align=\u00a0\u00bbcenter\u00a0\u00bb global_colors_info=\u00a0\u00bb{}\u00a0\u00bb][\/et_pb_heading][et_pb_text _builder_version=\u00a0\u00bb4.27.5&Prime; _module_preset=\u00a0\u00bbdefault\u00a0\u00bb global_colors_info=\u00a0\u00bb{}\u00a0\u00bb]<\/p>\n<p class=\"font-claude-response-body break-words whitespace-normal leading-[1.7]\" style=\"text-align: center;\"><strong>Bulles &amp; Chiffons (Buckingham)<\/strong> \ud83d\udccd 488 Av. de Buckingham, Gatineau \ud83d\udd50 Mercredi de 14h \u00e0 17h<\/p>\n<p class=\"font-claude-response-body break-words whitespace-normal leading-[1.7]\" style=\"text-align: center;\"><strong>March\u00e9 de l&rsquo;Outaouais<\/strong> \ud83d\udccd 71 Rue Eddy, Gatineau \ud83d\udd50 Mercredi de 14h \u00e0 17h<\/p>\n<p class=\"font-claude-response-body break-words whitespace-normal leading-[1.7]\" style=\"text-align: center;\"><strong>Familiprix Extra<\/strong> \ud83d\udccd 235 Rue de Cannes, Gatineau \ud83d\udd50 Mercredi de 15h \u00e0 17h<\/p>\n<p class=\"font-claude-response-body break-words whitespace-normal leading-[1.7]\" style=\"text-align: center;\"><strong>Maison Bisson<\/strong> \ud83d\udccd 2 Bd Louise-Campagna, Gatineau \ud83d\udd50 Mercredi de 15h \u00e0 17h<\/p>\n<p class=\"font-claude-response-body break-words whitespace-normal leading-[1.7]\" style=\"text-align: center;\"><strong>Br\u00fblerie Aladdin \u2013 Saint-Joseph<\/strong> \ud83d\udccd 774 Bd Saint-Joseph, Gatineau \ud83d\udd50 Mercredi de 15h \u00e0 17h<\/p>\n<p class=\"font-claude-response-body break-words whitespace-normal leading-[1.7]\" style=\"text-align: center;\"><strong>Br\u00fblerie Aladdin \u2013 Gr\u00e9ber<\/strong> \ud83d\udccd 343 Bd Gr\u00e9ber, suite 102, Gatineau \ud83d\udd50 Mercredi de 15h \u00e0 17h<\/p>\n<p class=\"font-claude-response-body break-words whitespace-normal leading-[1.7]\" style=\"text-align: center;\"><strong>Le March\u00e9 (Val-T\u00e9treau)<\/strong> \ud83d\udccd 50 Rue B\u00e9gin, Gatineau \ud83d\udd50 Mercredi de 15h \u00e0 19h<\/p>\n<p class=\"font-claude-response-body break-words whitespace-normal leading-[1.7]\" style=\"text-align: center;\"><strong>Boulangerie aux 2 Fr\u00e8res<\/strong> \ud83d\udccd 46 Rue Principale, Gatineau \ud83d\udd50 Mercredi de 15h \u00e0 17h<\/p>\n<p class=\"font-claude-response-body break-words whitespace-normal leading-[1.7]\" style=\"text-align: center;\"><strong>La Boite \u00e0 Grains \u2013 Gr\u00e9ber<\/strong> <em>(\u00e9t\u00e9 seulement)<\/em> \ud83d\udccd 325 Boul. Greber, Gatineau \ud83d\udd50 Mercredi de 15h \u00e0 21h<\/p>\n<p class=\"font-claude-response-body break-words whitespace-normal leading-[1.7]\" style=\"text-align: center;\"><strong>La Boite \u00e0 Grains \u2013 Saint-Joseph<\/strong> <em>(\u00e9t\u00e9 seulement)<\/em> \ud83d\udccd 581 Boul. St-Joseph, Gatineau \ud83d\udd50 Mercredi de 15h \u00e0 21h<\/p>\n<p>[\/et_pb_text][\/et_pb_column][\/et_pb_row][et_pb_row _builder_version=\u00a0\u00bb4.27.5&Prime; _module_preset=\u00a0\u00bbdefault\u00a0\u00bb global_colors_info=\u00a0\u00bb{}\u00a0\u00bb][et_pb_column type=\u00a0\u00bb4_4&Prime; _builder_version=\u00a0\u00bb4.27.5&Prime; _module_preset=\u00a0\u00bbdefault\u00a0\u00bb global_colors_info=\u00a0\u00bb{}\u00a0\u00bb][et_pb_heading title=\u00a0\u00bbComment s&rsquo;abonner \u00e0 un panier bio \u00e0 Gatineau\u00a0\u00bb _builder_version=\u00a0\u00bb4.27.5&Prime; _module_preset=\u00a0\u00bbdefault\u00a0\u00bb title_level=\u00a0\u00bbh2&Prime; title_text_align=\u00a0\u00bbcenter\u00a0\u00bb global_colors_info=\u00a0\u00bb{}\u00a0\u00bb][\/et_pb_heading][et_pb_text _builder_version=\u00a0\u00bb4.27.5&Prime; _module_preset=\u00a0\u00bbdefault\u00a0\u00bb custom_padding=\u00a0\u00bb||9px|||\u00a0\u00bb global_colors_info=\u00a0\u00bb{}\u00a0\u00bb]<\/p>\n<p style=\"text-align: center;\">C&rsquo;est simple : s\u00e9lectionnez la taille de panier qui vous convient (petit \u00e0 25$<span class=\"katex\"><span class=\"katex-mathml\">\/semaine ou r\u00e9gulier \u00e0 40$\/semaine<\/span><\/span>) choisissez votre point de cueillette \u00e0 Gatineau, et abonnez-vous en ligne. Votre panier sera pr\u00eat chaque mercredi.<\/p>\n<p>[\/et_pb_text][et_pb_button button_url=\u00a0\u00bbhttps:\/\/fermeauxcolibris.com\/produit\/abonnement-panier-bio\/\u00a0\u00bb button_text=\u00a0\u00bbS\u2019abonner aux paniers bio\u00a0\u00bb button_alignment=\u00a0\u00bbcenter\u00a0\u00bb _builder_version=\u00a0\u00bb4.27.5&Prime; _module_preset=\u00a0\u00bbdefault\u00a0\u00bb custom_button=\u00a0\u00bbon\u00a0\u00bb button_text_color=\u00a0\u00bb#FFFFFF\u00a0\u00bb button_bg_color=\u00a0\u00bb#70596c\u00a0\u00bb button_border_color=\u00a0\u00bbRGBA(255,255,255,0)\u00a0\u00bb button_border_radius=\u00a0\u00bb40px\u00a0\u00bb button_icon_color=\u00a0\u00bb#FFFFFF\u00a0\u00bb locked=\u00a0\u00bboff\u00a0\u00bb global_colors_info=\u00a0\u00bb{}\u00a0\u00bb][\/et_pb_button][\/et_pb_column][\/et_pb_row][\/et_pb_section]<\/p>\n","protected":false},"excerpt":{"rendered":"<p>La Ferme aux colibris livre chaque semaine des paniers de l\u00e9gumes biologiques frais dans 10 points de cueillette \u00e0 Gatineau et en Outaouais. Abonnez-vous pour recevoir des l\u00e9gumes certifi\u00e9s biologiques, cultiv\u00e9s \u00e0 Ripon, directement dans votre quartier.Pourquoi choisir la Ferme aux Colibris \u00e0 Gatineau ? Nos l\u00e9gumes sont cultiv\u00e9s \u00e0 Ripon, \u00e0 moins d&rsquo;une heure [&hellip;]<\/p>\n","protected":false},"author":3,"featured_media":0,"parent":0,"menu_order":0,"comment_status":"closed","ping_status":"closed","template":"","meta":{"_et_pb_use_builder":"on","_et_pb_old_content":"","_et_gb_content_width":"","footnotes":""},"class_list":["post-232911","page","type-page","status-publish","hentry"],"_links":{"self":[{"href":"https:\/\/fermeauxcolibris.com\/en\/wp-json\/wp\/v2\/pages\/232911","targetHints":{"allow":["GET"]}}],"collection":[{"href":"https:\/\/fermeauxcolibris.com\/en\/wp-json\/wp\/v2\/pages"}],"about":[{"href":"https:\/\/fermeauxcolibris.com\/en\/wp-json\/wp\/v2\/types\/page"}],"author":[{"embeddable":true,"href":"https:\/\/fermeauxcolibris.com\/en\/wp-json\/wp\/v2\/users\/3"}],"replies":[{"embeddable":true,"href":"https:\/\/fermeauxcolibris.com\/en\/wp-json\/wp\/v2\/comments?post=232911"}],"version-history":[{"count":3,"href":"https:\/\/fermeauxcolibris.com\/en\/wp-json\/wp\/v2\/pages\/232911\/revisions"}],"predecessor-version":[{"id":233684,"href":"https:\/\/fermeauxcolibris.com\/en\/wp-json\/wp\/v2\/pages\/232911\/revisions\/233684"}],"wp:attachment":[{"href":"https:\/\/fermeauxcolibris.com\/en\/wp-json\/wp\/v2\/media?parent=232911"}],"curies":[{"name":"wp","href":"https:\/\/api.w.org\/{rel}","templated":true}]}}